{"id":832,"date":"2022-01-23T12:10:24","date_gmt":"2022-01-23T10:10:24","guid":{"rendered":"https:\/\/2023.arvamusfestival.ee\/souveniers\/"},"modified":"2022-03-16T16:24:15","modified_gmt":"2022-03-16T14:24:15","slug":"souveniers","status":"publish","type":"page","link":"https:\/\/2023.arvamusfestival.ee\/en\/souveniers\/","title":{"rendered":"Souveniers"},"content":{"rendered":"<div class=\"lazyblock-bold-header-Z1tYUMV wp-block-lazyblock-bold-header\">\n<section class=\"strong-intro\">\n            <div><p>The Opinion Festival is green and environmentally friendly &#8211; so that all future generations would have a pleasant place to develop a culture of opinion as well. Therefore, we choose the festival&#8217;s products very carefully. The products are not just high-quality, reusable and environmentally friendly, but are made by talented and big-hearted Estonian people.<\/p>\n<p>By buying our souvenirs, you support the Opinion Festival. Thank you.<\/p><\/div>\n    <\/section>\n<\/div>\n\n<div class=\"lazyblock-merch-list-1owFXr wp-block-lazyblock-merch-list\">    <section class=\"merch-list\">\n        \n                        <a href=\"https:\/\/2023.arvamusfestival.ee\/en\/blog\/merch\/arvamusfestivali-t-sark-2\/\" class=\"merch-item\">\n                <span class=\"merch-item__thumb\">\n                    <img loading=\"lazy\" decoding=\"async\" width=\"1200\" height=\"924\" src=\"https:\/\/2023.arvamusfestival.ee\/wp-content\/uploads\/2023\/09\/11-sark_crop.png\" class=\"attachment-post-thumbnail size-post-thumbnail wp-post-image\" alt=\"\" srcset=\"https:\/\/2023.arvamusfestival.ee\/wp-content\/uploads\/2023\/09\/11-sark_crop.png 1200w, https:\/\/2023.arvamusfestival.ee\/wp-content\/uploads\/2023\/09\/11-sark_crop-300x231.png 300w, https:\/\/2023.arvamusfestival.ee\/wp-content\/uploads\/2023\/09\/11-sark_crop-1024x788.png 1024w, https:\/\/2023.arvamusfestival.ee\/wp-content\/uploads\/2023\/09\/11-sark_crop-768x591.png 768w\" sizes=\"(max-width: 1200px) 100vw, 1200px\" \/>                <\/span>\n                <span class=\"merch-item__content\">\n                    <span class=\"merch-item__title\">Arvamusfestivali T-s\u00e4rk<\/span>\n                    <span class=\"merch-item__price\">27\u20ac<\/span>\n                <\/span>\n            <\/a>\n        \n                        <a href=\"https:\/\/2023.arvamusfestival.ee\/en\/blog\/merch\/arvamusfestivali-ostukott-2023-disainiga\/\" class=\"merch-item\">\n                <span class=\"merch-item__thumb\">\n                    <img loading=\"lazy\" decoding=\"async\" width=\"2560\" height=\"1707\" src=\"https:\/\/2023.arvamusfestival.ee\/wp-content\/uploads\/2023\/08\/Henri-Kristian-Kirsip-5228-scaled.jpg\" class=\"attachment-post-thumbnail size-post-thumbnail wp-post-image\" alt=\"\" srcset=\"https:\/\/2023.arvamusfestival.ee\/wp-content\/uploads\/2023\/08\/Henri-Kristian-Kirsip-5228-scaled.jpg 2560w, https:\/\/2023.arvamusfestival.ee\/wp-content\/uploads\/2023\/08\/Henri-Kristian-Kirsip-5228-300x200.jpg 300w, https:\/\/2023.arvamusfestival.ee\/wp-content\/uploads\/2023\/08\/Henri-Kristian-Kirsip-5228-1024x683.jpg 1024w, https:\/\/2023.arvamusfestival.ee\/wp-content\/uploads\/2023\/08\/Henri-Kristian-Kirsip-5228-768x512.jpg 768w, https:\/\/2023.arvamusfestival.ee\/wp-content\/uploads\/2023\/08\/Henri-Kristian-Kirsip-5228-1536x1024.jpg 1536w, https:\/\/2023.arvamusfestival.ee\/wp-content\/uploads\/2023\/08\/Henri-Kristian-Kirsip-5228-2048x1365.jpg 2048w\" sizes=\"(max-width: 2560px) 100vw, 2560px\" \/>                <\/span>\n                <span class=\"merch-item__content\">\n                    <span class=\"merch-item__title\">Arvamusfestivali ostukott 2023<\/span>\n                    <span class=\"merch-item__price\">12\u20ac<\/span>\n                <\/span>\n            <\/a>\n        \n                        <a href=\"https:\/\/2023.arvamusfestival.ee\/en\/blog\/merch\/sokid\/\" class=\"merch-item\">\n                <span class=\"merch-item__thumb\">\n                    <img loading=\"lazy\" decoding=\"async\" width=\"1664\" height=\"2101\" src=\"https:\/\/2023.arvamusfestival.ee\/wp-content\/uploads\/2023\/10\/sokid.png\" class=\"attachment-post-thumbnail size-post-thumbnail wp-post-image\" alt=\"\" srcset=\"https:\/\/2023.arvamusfestival.ee\/wp-content\/uploads\/2023\/10\/sokid.png 1664w, https:\/\/2023.arvamusfestival.ee\/wp-content\/uploads\/2023\/10\/sokid-238x300.png 238w, https:\/\/2023.arvamusfestival.ee\/wp-content\/uploads\/2023\/10\/sokid-811x1024.png 811w, https:\/\/2023.arvamusfestival.ee\/wp-content\/uploads\/2023\/10\/sokid-768x970.png 768w, https:\/\/2023.arvamusfestival.ee\/wp-content\/uploads\/2023\/10\/sokid-1217x1536.png 1217w, https:\/\/2023.arvamusfestival.ee\/wp-content\/uploads\/2023\/10\/sokid-1622x2048.png 1622w\" sizes=\"(max-width: 1664px) 100vw, 1664px\" \/>                <\/span>\n                <span class=\"merch-item__content\">\n                    <span class=\"merch-item__title\">Sokid<\/span>\n                    <span class=\"merch-item__price\">14\u20ac<\/span>\n                <\/span>\n            <\/a>\n        \n                        <a href=\"https:\/\/2023.arvamusfestival.ee\/en\/blog\/merch\/arvamusfestivali-pusa\/\" class=\"merch-item\">\n                <span class=\"merch-item__thumb\">\n                    <img loading=\"lazy\" decoding=\"async\" width=\"2560\" height=\"2560\" src=\"https:\/\/2023.arvamusfestival.ee\/wp-content\/uploads\/2022\/08\/IMG_6794-copy-crop-1-scaled.jpg\" class=\"attachment-post-thumbnail size-post-thumbnail wp-post-image\" alt=\"\" srcset=\"https:\/\/2023.arvamusfestival.ee\/wp-content\/uploads\/2022\/08\/IMG_6794-copy-crop-1-scaled.jpg 2560w, https:\/\/2023.arvamusfestival.ee\/wp-content\/uploads\/2022\/08\/IMG_6794-copy-crop-1-300x300.jpg 300w, https:\/\/2023.arvamusfestival.ee\/wp-content\/uploads\/2022\/08\/IMG_6794-copy-crop-1-1024x1024.jpg 1024w, https:\/\/2023.arvamusfestival.ee\/wp-content\/uploads\/2022\/08\/IMG_6794-copy-crop-1-150x150.jpg 150w, https:\/\/2023.arvamusfestival.ee\/wp-content\/uploads\/2022\/08\/IMG_6794-copy-crop-1-768x768.jpg 768w, https:\/\/2023.arvamusfestival.ee\/wp-content\/uploads\/2022\/08\/IMG_6794-copy-crop-1-1536x1536.jpg 1536w, https:\/\/2023.arvamusfestival.ee\/wp-content\/uploads\/2022\/08\/IMG_6794-copy-crop-1-2048x2048.jpg 2048w\" sizes=\"(max-width: 2560px) 100vw, 2560px\" \/>                <\/span>\n                <span class=\"merch-item__content\">\n                    <span class=\"merch-item__title\">Arvamusfestivali pusa<\/span>\n                    <span class=\"merch-item__price\">50\u20ac<\/span>\n                <\/span>\n            <\/a>\n        \n                        <a href=\"https:\/\/2023.arvamusfestival.ee\/en\/blog\/merch\/arvamusfestival-10-t-sark\/\" class=\"merch-item\">\n                <span class=\"merch-item__thumb\">\n                    <img loading=\"lazy\" decoding=\"async\" width=\"2560\" height=\"2560\" src=\"https:\/\/2023.arvamusfestival.ee\/wp-content\/uploads\/2022\/08\/IMG_6748-crop-1-scaled.jpg\" class=\"attachment-post-thumbnail size-post-thumbnail wp-post-image\" alt=\"\" srcset=\"https:\/\/2023.arvamusfestival.ee\/wp-content\/uploads\/2022\/08\/IMG_6748-crop-1-scaled.jpg 2560w, https:\/\/2023.arvamusfestival.ee\/wp-content\/uploads\/2022\/08\/IMG_6748-crop-1-300x300.jpg 300w, https:\/\/2023.arvamusfestival.ee\/wp-content\/uploads\/2022\/08\/IMG_6748-crop-1-1024x1024.jpg 1024w, https:\/\/2023.arvamusfestival.ee\/wp-content\/uploads\/2022\/08\/IMG_6748-crop-1-150x150.jpg 150w, https:\/\/2023.arvamusfestival.ee\/wp-content\/uploads\/2022\/08\/IMG_6748-crop-1-768x768.jpg 768w, https:\/\/2023.arvamusfestival.ee\/wp-content\/uploads\/2022\/08\/IMG_6748-crop-1-1536x1536.jpg 1536w, https:\/\/2023.arvamusfestival.ee\/wp-content\/uploads\/2022\/08\/IMG_6748-crop-1-2048x2048.jpg 2048w\" sizes=\"(max-width: 2560px) 100vw, 2560px\" \/>                <\/span>\n                <span class=\"merch-item__content\">\n                    <span class=\"merch-item__title\">Arvamusfestival 10 T-s\u00e4rk<\/span>\n                    <span class=\"merch-item__price\">15\u20ac<\/span>\n                <\/span>\n            <\/a>\n        \n                        <a href=\"https:\/\/2023.arvamusfestival.ee\/en\/blog\/merch\/arvamusfestival-10\/\" class=\"merch-item\">\n                <span class=\"merch-item__thumb\">\n                    <img loading=\"lazy\" decoding=\"async\" width=\"2560\" height=\"1707\" src=\"https:\/\/2023.arvamusfestival.ee\/wp-content\/uploads\/2022\/08\/ArvamusFestival10-scaled.jpg\" class=\"attachment-post-thumbnail size-post-thumbnail wp-post-image\" alt=\"\" srcset=\"https:\/\/2023.arvamusfestival.ee\/wp-content\/uploads\/2022\/08\/ArvamusFestival10-scaled.jpg 2560w, https:\/\/2023.arvamusfestival.ee\/wp-content\/uploads\/2022\/08\/ArvamusFestival10-300x200.jpg 300w, https:\/\/2023.arvamusfestival.ee\/wp-content\/uploads\/2022\/08\/ArvamusFestival10-1024x683.jpg 1024w, https:\/\/2023.arvamusfestival.ee\/wp-content\/uploads\/2022\/08\/ArvamusFestival10-768x512.jpg 768w, https:\/\/2023.arvamusfestival.ee\/wp-content\/uploads\/2022\/08\/ArvamusFestival10-1536x1024.jpg 1536w, https:\/\/2023.arvamusfestival.ee\/wp-content\/uploads\/2022\/08\/ArvamusFestival10-2048x1365.jpg 2048w\" sizes=\"(max-width: 2560px) 100vw, 2560px\" \/>                <\/span>\n                <span class=\"merch-item__content\">\n                    <span class=\"merch-item__title\">Arvamusfestival 10 tr\u00fckis<\/span>\n                    <span class=\"merch-item__price\">0\u20ac<\/span>\n                <\/span>\n            <\/a>\n        \n                        <a href=\"https:\/\/2023.arvamusfestival.ee\/en\/blog\/merch\/veepudel\/\" class=\"merch-item\">\n                <span class=\"merch-item__thumb\">\n                    <img loading=\"lazy\" decoding=\"async\" width=\"2560\" height=\"1707\" src=\"https:\/\/2023.arvamusfestival.ee\/wp-content\/uploads\/2022\/08\/Veepudelid-scaled.jpg\" class=\"attachment-post-thumbnail size-post-thumbnail wp-post-image\" alt=\"\" srcset=\"https:\/\/2023.arvamusfestival.ee\/wp-content\/uploads\/2022\/08\/Veepudelid-scaled.jpg 2560w, https:\/\/2023.arvamusfestival.ee\/wp-content\/uploads\/2022\/08\/Veepudelid-300x200.jpg 300w, https:\/\/2023.arvamusfestival.ee\/wp-content\/uploads\/2022\/08\/Veepudelid-1024x683.jpg 1024w, https:\/\/2023.arvamusfestival.ee\/wp-content\/uploads\/2022\/08\/Veepudelid-768x512.jpg 768w, https:\/\/2023.arvamusfestival.ee\/wp-content\/uploads\/2022\/08\/Veepudelid-1536x1024.jpg 1536w, https:\/\/2023.arvamusfestival.ee\/wp-content\/uploads\/2022\/08\/Veepudelid-2048x1365.jpg 2048w\" sizes=\"(max-width: 2560px) 100vw, 2560px\" \/>                <\/span>\n                <span class=\"merch-item__content\">\n                    <span class=\"merch-item__title\">Veepudel<\/span>\n                    <span class=\"merch-item__price\">15\u20ac<\/span>\n                <\/span>\n            <\/a>\n        \n                        <a href=\"https:\/\/2023.arvamusfestival.ee\/en\/blog\/merch\/ostukott\/\" class=\"merch-item\">\n                <span class=\"merch-item__thumb\">\n                    <img loading=\"lazy\" decoding=\"async\" width=\"2560\" height=\"2560\" src=\"https:\/\/2023.arvamusfestival.ee\/wp-content\/uploads\/2022\/08\/IMG_6811-crop-1-scaled.jpg\" class=\"attachment-post-thumbnail size-post-thumbnail wp-post-image\" alt=\"\" srcset=\"https:\/\/2023.arvamusfestival.ee\/wp-content\/uploads\/2022\/08\/IMG_6811-crop-1-scaled.jpg 2560w, https:\/\/2023.arvamusfestival.ee\/wp-content\/uploads\/2022\/08\/IMG_6811-crop-1-300x300.jpg 300w, https:\/\/2023.arvamusfestival.ee\/wp-content\/uploads\/2022\/08\/IMG_6811-crop-1-1024x1024.jpg 1024w, https:\/\/2023.arvamusfestival.ee\/wp-content\/uploads\/2022\/08\/IMG_6811-crop-1-150x150.jpg 150w, https:\/\/2023.arvamusfestival.ee\/wp-content\/uploads\/2022\/08\/IMG_6811-crop-1-768x768.jpg 768w, https:\/\/2023.arvamusfestival.ee\/wp-content\/uploads\/2022\/08\/IMG_6811-crop-1-1536x1536.jpg 1536w, https:\/\/2023.arvamusfestival.ee\/wp-content\/uploads\/2022\/08\/IMG_6811-crop-1-2048x2048.jpg 2048w\" sizes=\"(max-width: 2560px) 100vw, 2560px\" \/>                <\/span>\n                <span class=\"merch-item__content\">\n                    <span class=\"merch-item__title\">Arvamusfestivali ostukott<\/span>\n                    <span class=\"merch-item__price\">9\u20ac<\/span>\n                <\/span>\n            <\/a>\n        \n                        <a href=\"https:\/\/2023.arvamusfestival.ee\/en\/blog\/merch\/arvamusfestivali-t-sark\/\" class=\"merch-item\">\n                <span class=\"merch-item__thumb\">\n                    <img loading=\"lazy\" decoding=\"async\" width=\"1707\" height=\"2560\" src=\"https:\/\/2023.arvamusfestival.ee\/wp-content\/uploads\/2022\/02\/IMG_4207_ok-scaled.jpg\" class=\"attachment-post-thumbnail size-post-thumbnail wp-post-image\" alt=\"\" srcset=\"https:\/\/2023.arvamusfestival.ee\/wp-content\/uploads\/2022\/02\/IMG_4207_ok-scaled.jpg 1707w, https:\/\/2023.arvamusfestival.ee\/wp-content\/uploads\/2022\/02\/IMG_4207_ok-200x300.jpg 200w, https:\/\/2023.arvamusfestival.ee\/wp-content\/uploads\/2022\/02\/IMG_4207_ok-683x1024.jpg 683w, https:\/\/2023.arvamusfestival.ee\/wp-content\/uploads\/2022\/02\/IMG_4207_ok-768x1152.jpg 768w, https:\/\/2023.arvamusfestival.ee\/wp-content\/uploads\/2022\/02\/IMG_4207_ok-1024x1536.jpg 1024w, https:\/\/2023.arvamusfestival.ee\/wp-content\/uploads\/2022\/02\/IMG_4207_ok-1365x2048.jpg 1365w\" sizes=\"(max-width: 1707px) 100vw, 1707px\" \/>                <\/span>\n                <span class=\"merch-item__content\">\n                    <span class=\"merch-item__title\">Nola Arvamusfestivali T-s\u00e4rk<\/span>\n                    <span class=\"merch-item__price\">15\u20ac<\/span>\n                <\/span>\n            <\/a>\n        \n                        <a href=\"https:\/\/2023.arvamusfestival.ee\/en\/blog\/merch\/nahast-kaepael\/\" class=\"merch-item\">\n                <span class=\"merch-item__thumb\">\n                    <img loading=\"lazy\" decoding=\"async\" width=\"2560\" height=\"1707\" src=\"https:\/\/2023.arvamusfestival.ee\/wp-content\/uploads\/2022\/02\/IMG_3725_ok-scaled.jpg\" class=\"attachment-post-thumbnail size-post-thumbnail wp-post-image\" alt=\"\" srcset=\"https:\/\/2023.arvamusfestival.ee\/wp-content\/uploads\/2022\/02\/IMG_3725_ok-scaled.jpg 2560w, https:\/\/2023.arvamusfestival.ee\/wp-content\/uploads\/2022\/02\/IMG_3725_ok-300x200.jpg 300w, https:\/\/2023.arvamusfestival.ee\/wp-content\/uploads\/2022\/02\/IMG_3725_ok-1024x683.jpg 1024w, https:\/\/2023.arvamusfestival.ee\/wp-content\/uploads\/2022\/02\/IMG_3725_ok-768x512.jpg 768w, https:\/\/2023.arvamusfestival.ee\/wp-content\/uploads\/2022\/02\/IMG_3725_ok-1536x1024.jpg 1536w, https:\/\/2023.arvamusfestival.ee\/wp-content\/uploads\/2022\/02\/IMG_3725_ok-2048x1365.jpg 2048w\" sizes=\"(max-width: 2560px) 100vw, 2560px\" \/>                <\/span>\n                <span class=\"merch-item__content\">\n                    <span class=\"merch-item__title\">Nahast k\u00e4epael<\/span>\n                    <span class=\"merch-item__price\">17\u20ac<\/span>\n                <\/span>\n            <\/a>\n        \n                        <a href=\"https:\/\/2023.arvamusfestival.ee\/en\/blog\/merch\/nahast-ristkulik-korvarongad\/\" class=\"merch-item\">\n                <span class=\"merch-item__thumb\">\n                    <img loading=\"lazy\" decoding=\"async\" width=\"2560\" height=\"1707\" src=\"https:\/\/2023.arvamusfestival.ee\/wp-content\/uploads\/2022\/02\/IMG_3884_ok-scaled.jpg\" class=\"attachment-post-thumbnail size-post-thumbnail wp-post-image\" alt=\"\" srcset=\"https:\/\/2023.arvamusfestival.ee\/wp-content\/uploads\/2022\/02\/IMG_3884_ok-scaled.jpg 2560w, https:\/\/2023.arvamusfestival.ee\/wp-content\/uploads\/2022\/02\/IMG_3884_ok-300x200.jpg 300w, https:\/\/2023.arvamusfestival.ee\/wp-content\/uploads\/2022\/02\/IMG_3884_ok-1024x683.jpg 1024w, https:\/\/2023.arvamusfestival.ee\/wp-content\/uploads\/2022\/02\/IMG_3884_ok-768x512.jpg 768w, https:\/\/2023.arvamusfestival.ee\/wp-content\/uploads\/2022\/02\/IMG_3884_ok-1536x1024.jpg 1536w, https:\/\/2023.arvamusfestival.ee\/wp-content\/uploads\/2022\/02\/IMG_3884_ok-2048x1365.jpg 2048w\" sizes=\"(max-width: 2560px) 100vw, 2560px\" \/>                <\/span>\n                <span class=\"merch-item__content\">\n                    <span class=\"merch-item__title\">Nahast ristk\u00fclikukujulised k\u00f5rvar\u00f5ngad<\/span>\n                    <span class=\"merch-item__price\">12\u20ac<\/span>\n                <\/span>\n            <\/a>\n        \n                        <a href=\"https:\/\/2023.arvamusfestival.ee\/en\/blog\/merch\/nahast-korvarongad-2\/\" class=\"merch-item\">\n                <span class=\"merch-item__thumb\">\n                    <img loading=\"lazy\" decoding=\"async\" width=\"2560\" height=\"1707\" src=\"https:\/\/2023.arvamusfestival.ee\/wp-content\/uploads\/2022\/02\/IMG_4094_ok-scaled.jpg\" class=\"attachment-post-thumbnail size-post-thumbnail wp-post-image\" alt=\"\" srcset=\"https:\/\/2023.arvamusfestival.ee\/wp-content\/uploads\/2022\/02\/IMG_4094_ok-scaled.jpg 2560w, https:\/\/2023.arvamusfestival.ee\/wp-content\/uploads\/2022\/02\/IMG_4094_ok-300x200.jpg 300w, https:\/\/2023.arvamusfestival.ee\/wp-content\/uploads\/2022\/02\/IMG_4094_ok-1024x683.jpg 1024w, https:\/\/2023.arvamusfestival.ee\/wp-content\/uploads\/2022\/02\/IMG_4094_ok-768x512.jpg 768w, https:\/\/2023.arvamusfestival.ee\/wp-content\/uploads\/2022\/02\/IMG_4094_ok-1536x1024.jpg 1536w, https:\/\/2023.arvamusfestival.ee\/wp-content\/uploads\/2022\/02\/IMG_4094_ok-2048x1365.jpg 2048w\" sizes=\"(max-width: 2560px) 100vw, 2560px\" \/>                <\/span>\n                <span class=\"merch-item__content\">\n                    <span class=\"merch-item__title\">Nahast k\u00f5rvar\u00f5ngad<\/span>\n                    <span class=\"merch-item__price\">15\u20ac<\/span>\n                <\/span>\n            <\/a>\n                    <\/section>\n<\/div>","protected":false},"excerpt":{"rendered":"","protected":false},"author":1,"featured_media":0,"parent":0,"menu_order":0,"comment_status":"closed","ping_status":"closed","template":"","meta":{"footnotes":""},"_links":{"self":[{"href":"https:\/\/2023.arvamusfestival.ee\/en\/wp-json\/wp\/v2\/pages\/832"}],"collection":[{"href":"https:\/\/2023.arvamusfestival.ee\/en\/wp-json\/wp\/v2\/pages"}],"about":[{"href":"https:\/\/2023.arvamusfestival.ee\/en\/wp-json\/wp\/v2\/types\/page"}],"author":[{"embeddable":true,"href":"https:\/\/2023.arvamusfestival.ee\/en\/wp-json\/wp\/v2\/users\/1"}],"replies":[{"embeddable":true,"href":"https:\/\/2023.arvamusfestival.ee\/en\/wp-json\/wp\/v2\/comments?post=832"}],"version-history":[{"count":9,"href":"https:\/\/2023.arvamusfestival.ee\/en\/wp-json\/wp\/v2\/pages\/832\/revisions"}],"predecessor-version":[{"id":1142,"href":"https:\/\/2023.arvamusfestival.ee\/en\/wp-json\/wp\/v2\/pages\/832\/revisions\/1142"}],"wp:attachment":[{"href":"https:\/\/2023.arvamusfestival.ee\/en\/wp-json\/wp\/v2\/media?parent=832"}],"curies":[{"name":"wp","href":"https:\/\/api.w.org\/{rel}","templated":true}]}}