{"id":873,"date":"2022-01-13T13:47:32","date_gmt":"2022-01-13T11:47:32","guid":{"rendered":"https:\/\/2023.arvamusfestival.ee\/organisers\/"},"modified":"2023-03-13T21:01:55","modified_gmt":"2023-03-13T19:01:55","slug":"festival-team","status":"publish","type":"page","link":"https:\/\/2023.arvamusfestival.ee\/en\/festival-team\/","title":{"rendered":"Festival team"},"content":{"rendered":"<div class=\"lazyblock-bold-header-ZRgRh0 wp-block-lazyblock-bold-header\">\n<section class=\"strong-intro\">\n            <div><p><span data-sheets-value=\"{&quot;1&quot;:2,&quot;2&quot;:&quot;The energy connecting the festival team is truly one of a kind. The Festival stands out for the way it\u2019s put together and put in motion: we believe that everyone who plays a role in the team \u2013 no matter how small or big that part may be \u2013 is important and needed. The Festival has been created in our image and that of our participants.&quot;}\" data-sheets-userformat=\"{&quot;2&quot;:829,&quot;3&quot;:{&quot;1&quot;:0},&quot;5&quot;:{&quot;1&quot;:[{&quot;1&quot;:2,&quot;2&quot;:0,&quot;5&quot;:{&quot;1&quot;:2,&quot;2&quot;:0}},{&quot;1&quot;:0,&quot;2&quot;:0,&quot;3&quot;:3},{&quot;1&quot;:1,&quot;2&quot;:0,&quot;4&quot;:1}]},&quot;6&quot;:{&quot;1&quot;:[{&quot;1&quot;:2,&quot;2&quot;:0,&quot;5&quot;:{&quot;1&quot;:2,&quot;2&quot;:0}},{&quot;1&quot;:0,&quot;2&quot;:0,&quot;3&quot;:3},{&quot;1&quot;:1,&quot;2&quot;:0,&quot;4&quot;:1}]},&quot;7&quot;:{&quot;1&quot;:[{&quot;1&quot;:2,&quot;2&quot;:0,&quot;5&quot;:{&quot;1&quot;:2,&quot;2&quot;:0}},{&quot;1&quot;:0,&quot;2&quot;:0,&quot;3&quot;:3},{&quot;1&quot;:1,&quot;2&quot;:0,&quot;4&quot;:1}]},&quot;8&quot;:{&quot;1&quot;:[{&quot;1&quot;:2,&quot;2&quot;:0,&quot;5&quot;:{&quot;1&quot;:2,&quot;2&quot;:0}},{&quot;1&quot;:0,&quot;2&quot;:0,&quot;3&quot;:3},{&quot;1&quot;:1,&quot;2&quot;:0,&quot;4&quot;:1}]},&quot;11&quot;:4,&quot;12&quot;:0}\">The energy connecting the festival team is truly one of a kind. The Festival stands out for the way it\u2019s put together and put in motion: we believe that everyone who plays a role in the team \u2013 no matter how small or big that part may be \u2013 is important and needed. The Festival has been created in our image and that of our participants.<\/span><\/p>\n<p><span data-sheets-value=\"{&quot;1&quot;:2,&quot;2&quot;:&quot;We subscribe to the principle that supports people ready and willing to contribute their time, knowledge and skills towards something that does not bring them direct profit.&quot;}\" data-sheets-userformat=\"{&quot;2&quot;:829,&quot;3&quot;:{&quot;1&quot;:0},&quot;5&quot;:{&quot;1&quot;:[{&quot;1&quot;:2,&quot;2&quot;:0,&quot;5&quot;:{&quot;1&quot;:2,&quot;2&quot;:0}},{&quot;1&quot;:0,&quot;2&quot;:0,&quot;3&quot;:3},{&quot;1&quot;:1,&quot;2&quot;:0,&quot;4&quot;:1}]},&quot;6&quot;:{&quot;1&quot;:[{&quot;1&quot;:2,&quot;2&quot;:0,&quot;5&quot;:{&quot;1&quot;:2,&quot;2&quot;:0}},{&quot;1&quot;:0,&quot;2&quot;:0,&quot;3&quot;:3},{&quot;1&quot;:1,&quot;2&quot;:0,&quot;4&quot;:1}]},&quot;7&quot;:{&quot;1&quot;:[{&quot;1&quot;:2,&quot;2&quot;:0,&quot;5&quot;:{&quot;1&quot;:2,&quot;2&quot;:0}},{&quot;1&quot;:0,&quot;2&quot;:0,&quot;3&quot;:3},{&quot;1&quot;:1,&quot;2&quot;:0,&quot;4&quot;:1}]},&quot;8&quot;:{&quot;1&quot;:[{&quot;1&quot;:2,&quot;2&quot;:0,&quot;5&quot;:{&quot;1&quot;:2,&quot;2&quot;:0}},{&quot;1&quot;:0,&quot;2&quot;:0,&quot;3&quot;:3},{&quot;1&quot;:1,&quot;2&quot;:0,&quot;4&quot;:1}]},&quot;11&quot;:4,&quot;12&quot;:0}\">We subscribe to the principle that supports people ready and willing to contribute their time, knowledge and skills towards something that does not bring them direct profit.\u00a0<\/span><\/p>\n<p><span data-sheets-value=\"{&quot;1&quot;:2,&quot;2&quot;:&quot;The Opinion Festival was born as a civil initiative and relies completely on the work done by dozens of volunteers and the support of our sponsors.We are united by the core concept behind the Opinion Festival: as a meeting place for interesting thoughts, new ideas and bold initiatives; a place that boosts courage and self-esteem, makes people eagerly ask themselves \u2018What more could I do?\u2019, and encourages thoughtful discussion and decision-making.&quot;}\" data-sheets-userformat=\"{&quot;2&quot;:829,&quot;3&quot;:{&quot;1&quot;:0},&quot;5&quot;:{&quot;1&quot;:[{&quot;1&quot;:2,&quot;2&quot;:0,&quot;5&quot;:{&quot;1&quot;:2,&quot;2&quot;:0}},{&quot;1&quot;:0,&quot;2&quot;:0,&quot;3&quot;:3},{&quot;1&quot;:1,&quot;2&quot;:0,&quot;4&quot;:1}]},&quot;6&quot;:{&quot;1&quot;:[{&quot;1&quot;:2,&quot;2&quot;:0,&quot;5&quot;:{&quot;1&quot;:2,&quot;2&quot;:0}},{&quot;1&quot;:0,&quot;2&quot;:0,&quot;3&quot;:3},{&quot;1&quot;:1,&quot;2&quot;:0,&quot;4&quot;:1}]},&quot;7&quot;:{&quot;1&quot;:[{&quot;1&quot;:2,&quot;2&quot;:0,&quot;5&quot;:{&quot;1&quot;:2,&quot;2&quot;:0}},{&quot;1&quot;:0,&quot;2&quot;:0,&quot;3&quot;:3},{&quot;1&quot;:1,&quot;2&quot;:0,&quot;4&quot;:1}]},&quot;8&quot;:{&quot;1&quot;:[{&quot;1&quot;:2,&quot;2&quot;:0,&quot;5&quot;:{&quot;1&quot;:2,&quot;2&quot;:0}},{&quot;1&quot;:0,&quot;2&quot;:0,&quot;3&quot;:3},{&quot;1&quot;:1,&quot;2&quot;:0,&quot;4&quot;:1}]},&quot;11&quot;:4,&quot;12&quot;:0}\">The Opinion Festival was born as a civil initiative and relies completely on the work done by dozens of volunteers and the support of our sponsors. We are united by the core concept behind the Opinion Festival: as a meeting place for interesting thoughts, new ideas and bold initiatives; a place that boosts courage and self-esteem, makes people eagerly ask themselves \u2018What more could I do?\u2019, and encourages thoughtful discussion and decision-making.<\/span><\/p><\/div>\n    <\/section>\n<\/div>\n\n<div class=\"lazyblock-core-team-ZmsO2 wp-block-lazyblock-core-team\">\n<section class=\"core-team\">\n    <div class=\"l-container\">\n                    <h4>Core team<\/h4>\n        \n        <div class=\"core-team__sliders\">\n            <div class=\" core-team__slider\" id=\"core-team-slider\">\n                <div class=\"splide__track\">\n                    <div class=\"splide__list\">\n\n                                                    <div class=\"splide__slide core-team__slide\">\n                                <div class=\"core-team__pic\">\n                                    <img decoding=\"async\" src=\"https:\/\/2023.arvamusfestival.ee\/wp-content\/uploads\/2023\/03\/P1383013-scaled.jpg\" alt=\"\">\n                                <\/div>\n\n                                <div class=\"core-team__info\">\n                                                                            <h4>Core team<\/h4>\n                                                                        <h3>Kaspar Tammist<\/h3>\n                                    <div class=\"core-team__job\">Head of the Opinion Festival<\/div>\n                                    <a href=\"mailto:kaspar.tammist@arvamusfestival.ee\" class=\"core-team__email\">kaspar.tammist@arvamusfestival.ee<\/a>\n                                    <a href=\"tel:+372 5801 0018\" class=\"core-team__phone\">+372 5801 0018<\/a>\n                                <\/div>\n                            <\/div>\n                                                    <div class=\"splide__slide core-team__slide\">\n                                <div class=\"core-team__pic\">\n                                    <img decoding=\"async\" src=\"https:\/\/2023.arvamusfestival.ee\/wp-content\/uploads\/2023\/03\/P1383144-scaled.jpg\" alt=\"\">\n                                <\/div>\n\n                                <div class=\"core-team__info\">\n                                                                            <h4>Core team<\/h4>\n                                                                        <h3>Kaarel Vene<\/h3>\n                                    <div class=\"core-team__job\">Area and atmosphere<\/div>\n                                    <a href=\"mailto:kaarel.vene@arvamusfestival.ee\" class=\"core-team__email\">kaarel.vene@arvamusfestival.ee<\/a>\n                                    <a href=\"tel:+372 505 5180\" class=\"core-team__phone\">+372 505 5180<\/a>\n                                <\/div>\n                            <\/div>\n                                                    <div class=\"splide__slide core-team__slide\">\n                                <div class=\"core-team__pic\">\n                                    <img decoding=\"async\" src=\"https:\/\/2023.arvamusfestival.ee\/wp-content\/uploads\/2023\/03\/P1383036-scaled.jpg\" alt=\"\">\n                                <\/div>\n\n                                <div class=\"core-team__info\">\n                                                                            <h4>Core team<\/h4>\n                                                                        <h3>Maria Laanj\u00e4rv<\/h3>\n                                    <div class=\"core-team__job\">Marketing and communication<\/div>\n                                    <a href=\"mailto:maria.laanjarv@arvamusfestival.ee\" class=\"core-team__email\">maria.laanjarv@arvamusfestival.ee<\/a>\n                                    <a href=\"tel:+372 5881 7655\" class=\"core-team__phone\">+372 5881 7655<\/a>\n                                <\/div>\n                            <\/div>\n                                                    <div class=\"splide__slide core-team__slide\">\n                                <div class=\"core-team__pic\">\n                                    <img decoding=\"async\" src=\"https:\/\/2023.arvamusfestival.ee\/wp-content\/uploads\/2023\/03\/P1383116-scaled.jpg\" alt=\"\">\n                                <\/div>\n\n                                <div class=\"core-team__info\">\n                                                                            <h4>Core team<\/h4>\n                                                                        <h3>Karola Jaanof<\/h3>\n                                    <div class=\"core-team__job\">Volunteers<\/div>\n                                    <a href=\"mailto:karola.jaanof@paide.ee\" class=\"core-team__email\">karola.jaanof@paide.ee<\/a>\n                                    <a href=\"tel:+372 524 8695\" class=\"core-team__phone\">+372 524 8695<\/a>\n                                <\/div>\n                            <\/div>\n                                                    <div class=\"splide__slide core-team__slide\">\n                                <div class=\"core-team__pic\">\n                                    <img decoding=\"async\" src=\"https:\/\/2023.arvamusfestival.ee\/wp-content\/uploads\/2023\/03\/P1383074-scaled.jpg\" alt=\"\">\n                                <\/div>\n\n                                <div class=\"core-team__info\">\n                                                                            <h4>Core team<\/h4>\n                                                                        <h3>Margaret Tilk<\/h3>\n                                    <div class=\"core-team__job\">Culture<\/div>\n                                    <a href=\"mailto:margaret.tilk@arvamusfestival.ee\" class=\"core-team__email\">margaret.tilk@arvamusfestival.ee<\/a>\n                                    <a href=\"tel:+358400588452\" class=\"core-team__phone\">+358400588452<\/a>\n                                <\/div>\n                            <\/div>\n                                                    <div class=\"splide__slide core-team__slide\">\n                                <div class=\"core-team__pic\">\n                                    <img decoding=\"async\" src=\"https:\/\/2023.arvamusfestival.ee\/wp-content\/uploads\/2023\/03\/P1383027-scaled.jpg\" alt=\"\">\n                                <\/div>\n\n                                <div class=\"core-team__info\">\n                                                                            <h4>Core team<\/h4>\n                                                                        <h3>Sigrid Solnik<\/h3>\n                                    <div class=\"core-team__job\">Program<\/div>\n                                    <a href=\"mailto:sigrid.solnik@arvamusfestival.ee\" class=\"core-team__email\">sigrid.solnik@arvamusfestival.ee<\/a>\n                                    <a href=\"tel:+372 5234104\" class=\"core-team__phone\">+372 5234104<\/a>\n                                <\/div>\n                            <\/div>\n                        \n                    <\/div>\n                <\/div>\n            <\/div>\n\n            <div class=\"core-team__names splide\" id=\"core-team-names\">\n                <div class=\"splide__track\">\n                    <ul class=\"splide__list\">\n                                                    <li class=\"splide__slide\">Kaspar Tammist<\/li>\n                                                    <li class=\"splide__slide\">Kaarel Vene<\/li>\n                                                    <li class=\"splide__slide\">Maria Laanj\u00e4rv<\/li>\n                                                    <li class=\"splide__slide\">Karola Jaanof<\/li>\n                                                    <li class=\"splide__slide\">Margaret Tilk<\/li>\n                                                    <li class=\"splide__slide\">Sigrid Solnik<\/li>\n                                            <\/ul>\n                <\/div>\n            <\/div>\n        <\/div>\n\n        <div class=\"core-team__navi\">\n            <a href=\"#link\" class=\"core-team__navi-prev\"><img decoding=\"async\" src=\"https:\/\/2023.arvamusfestival.ee\/wp-content\/themes\/arvamus\/img\/c-left.svg\" alt=\"\"><\/a>\n            <a href=\"#link\" class=\"core-team__navi-next\"><img decoding=\"async\" src=\"https:\/\/2023.arvamusfestival.ee\/wp-content\/themes\/arvamus\/img\/c-right.svg\" alt=\"\"><\/a>\n        <\/div>\n    <\/div>\n<\/section>\n<\/div>\n\n\n<h2 class=\"wp-block-heading\" id=\"arvamusfestivali-vabatahtlikud-labi-10-aasta\">Volunteers throughout 10 years<\/h2>\n\n\n\n<p style=\"font-size:14px\">Ade-Briana Nurk | Aet Kiisla | Agne Kivisaar | Agnes Sugurova | Ago Gashkov | Aili Agarmaa | Aili Sagor | Airi Jakobson-M\u00e4nnik |           Aive \u00c4\u00e4rma| Alari Rammo | Alena Hollo | Aleksander Tali | Alice Veedla | Alissa Ivanova | Alo Aasma | Andi Metsalu | Andreas Vaks |   Andrei Rikberg | Andres Koder | Andrias Seeberg | Anete K\u00f5iv | Anett T\u00f5nism\u00e4e | Ann Trummal | Anna Karolin | Anna Markova |        Anneli Kenk | Annela Nairis | Anneli Suits |Anneli Tumanski | Annely Tank | Anni Alev | Anna-Liisa Villmann | Anna-Liisa Kr\u00f5lov |      Annabel Morozov | Anni-Liis Prangli | Annika Paltsmar | Annika Trummar | Annli Heinsalu | Anton Pratkunas | Anu Bollverk | Anu Kivinukk | Anu Melioranski | Argo N\u00f5mmik | Arne Palitser | Arnis Simson | Arno V\u00e4rv | Arvo Saalits | Arto Saar | Artur Zahharov | Aet Purk |        Birgit Rootsi | Birgit Sitska | Britta Tarvis | Britta Kadanik | Carmen Isop | Carmen Karn\u00f6 | Carmen Kirst | Carmen Marianne Te\u00e4r |        Carola Kuus | Carolyn Mets | Catherine Karu | Ceilis Keermann | Crisely Apri | Damaris Tambla | Dana Hanna Madjar | Daniil Kotilevits | Dave Talimaa | Deisi Helem\u00e4e-Sarv | Deivi Suiste | Dharma Helena Veskim\u00e4gi | Doris T\u00e4\u00e4ker | Edith T\u00e4navots | Eerik Hannus | Egle Piirmaa | Egle Ninep | Eha-Hilju Palm | Ele Enn | Ele Laks | Eliina Smirnova | Elina Allikalt | Elina Tirgo | Ellen Rosimannus | Elliko K\u00f5iv | Elo Kiivet | Elsa-Maris Ivanov | Elsa Punapart | Emma Tamm | Endo Viires | Epp Rooks | Erika T\u0161igura | Erle Martin | Ester Marjapuu | Esti T\u00e4hnas |   Eva-Johanna Mehu | Eva Ligi Aydo\u011fmu\u015f | Eva Uibopuu | Eveli Vahesalu | Evelin Rootsi | Eviita \u00d5isma | Geitlin Saagim | Gendra Alev | Gerda Metsis | Gerlika Vahtra | Gerly R\u00e4nnik | Getter Orusalu | Greete Koit | Grete Maria Neppo | Grete Roos | Hannah Kaljur |          Hanno Martti Talts | Harriet Krik | Henri-Kristian Kirsip | Heidi Antons | Heigo Korolkov | Heigo Laaneoks | Heilika Nugis | Heldi Ruiso | Hele Juhanson | Helen Kannelm\u00e4e | Helen Toomsalu | Helena M\u00e4gi | Helena Veldre |  Heleri Kaasik | Heleri Raasik | Heleriin Adelbert | Helina Loor | Henri K\u00f5iv | Henri Laupmaa | Hetlin Villak | Indrek Kuuse | Indrek Tark | Inga Jaagus | Inge Jasner | Ingrid Aule | Ingrid Saare | Iris Arold | Irma Olonen | Ivan Sergejev | Ivo Posti | Jaan Kirsipuu | Janek Jaanof | Janno Lehemets | Jaan Sinka | Jaana Kalinistova |     Jaana Lindmets | Jakob Rosin | Jane Kiristaja | Jane-Ly Tihane | Jane Saluorg | Janek Lehtpuu | Janno Lehemets | Jannus Jaska |         Joanna Kurvits | Johanna Kristiina Jaansoo | Joonas Hein | Joonas Kaljulaid | Julia Voinova | J\u00fcrgen Randma | Kaarel Oja | Kaarel Vene | Kaarin Rannu | Kaarle Joosep Kannelm\u00e4e | Kadri Laube | Kadri Lutter | Kadri Tamm | Kai Klandorf | Kaidi Rahulaan | Kaie Klettenberg |   Kaili Kalle | Kaira V\u00e4strik | Kairi Koller | Kairi T\u00f5nise | Kairit Merman | Kaisa-Triin Karu | Kaisa Saarmann | Kajar Kase | Karin Kase |          Karin K\u00fcnnapas | Karl Romet Somelar | Kaspar J\u00f5geva | Kaspar Kelder | Kaspar Tammist | Kati Ilves | Katja Danilova | Katre Sai |           Katre Soppe | Katriin Laanet | Katriin Mangus | Katrin Isotamm | Katrin Koov | Katrina Kolk | Keidi Roosim\u00e4e | Keiu Rebane | Kelly Tsilke | Kenzo Brauer | Kerli Laur | Kerly Veide | Kermo Vahula | Kersti Viilup | Kert Kaasik | Kerttu M\u00e4ger | Kerttu Sepp | Kerttu Tammik |          Kertu Viilup | Kevin Alev | Kevin Kinev | Kiira Udu | Kirke-Carol Promm | Klara Helena Peterson | Kristel Tamm | Kristel Birgit Potsepp | Kristel Joost | Kristel Tamm | Kristi Liiva | Kristi Tiivas | Kristi Viimsalu | Kristiina Assmann | Kristiina Ling | Kristiina Stokkeby | Kristiine Kukk | Kristiine Masso-Sild | Kristiine Toompere | Kristina Gudinas | Kristina Lill | Kristina Such | Kristjan Kirspuu | Kristofer J\u00fcrisoo |          Kristofer Robin Kirsiste | K\u00e4rt Vajakas | K\u00e4rt Villmann | Laura Enn | Laura Kalda | Laura Lepik | Laura Matrov | Laura Pilv | Laura Tomp | Laura Valli | Laura \u00d5ige | Lauri Kriisa | Lauri L\u00e4\u00e4nemets | Lii Lopp | Liia Koppel | Liina Osila | Liina Uudelt | Liis Margaret Tamme |             Liis K\u00e4ngsepp | Liisa Allorg | Liisa J\u00f5er\u00fc\u00fct | Liisa Sillamaa | Liisi Enn | Liisi Rohtung | Liisa Hendrikson | Liisa Pool | Liisa Rohila |               Liise Daaniel | Lisete Palmi | Ljudmilla Manju\u0161evskaja | Loreena Jurtom | Luisa M\u00e4nnilaan | Ly Allas | Maarit Cimolonskas | Maarit N\u00f5mm | Maarja Loorents | Maarja Loorits | Maarja-Liis Meri | Maarja-Liis M\u00f6lder | Maie Pihl | Maiken Alandi | Maiken Ojaniit | Maiko Kesk\u00fcla | Maile Kesk\u00fcla | Maire Iro | Maiu Lauring | Maive Premet | Mayri Tiido | Malle Kera | Marge Rootsma | Margit Udam | Margo Loor |    Margo Sootla | Margus Gering | Mari Lepp | Mari Mikson | Mari Olev | Mari Roonemaa | Mari-Helen Aare | Mari-Liis Dolenko |           Mari-Liis Lind | Mari-Liis Link | Mari \u00d6\u00f6 Sarv |  Maria Kullam\u00e4gi | Maria Laanj\u00e4rv | Marianne Kalvik | Marie Aamisepp | Mariia Dorogova | Mariliis Pinn | Maris J\u00f5geva | Maris Metsatalu | Marit Sukk | Maritana J\u00e4rve | Maris Ojaste | Marje-Ly Rebas | Marje Paddar | Marju-Nella Klimov | Marko Haug | Marleen-Janely Matto | Marleen Pedjasaar | Mart Uusj\u00e4rv | Marta N\u00e4rip\u00e4 | Marten Lauri | Martha-Beryl Grauberg | Marti Kutsar | Martin Lehari | Martin Meitern | Mati Kesk\u00fcla | Meelis V\u00e4lim\u00e4e | Mehirt Emmus | Melani Adrat | Meri K\u00fclm | Meribel Lehemets | Merlin Klemm | Merilin Norkroos | Merle R\u00fc\u00fctel | Miia Kattel | Miia Soosalu | Mikk Nurga | Mikk Vissak | Mirell Kleinod | Moonika Vene | M\u00e4rten M\u00f5ttus | M\u00e4rten Viitmaa | Natalja Haug | Natalja Jakovleva | Natasa Haug | Nelli Litvinjuk | Nora Eensalu |       Olev Kenk | Olga Korneit\u0161ik | Olga Prokofjeva | Oliver Bollverk | Olle Tischler | Oskar P\u00f5ldvee | Ott Karulin | Paula Koppel | Peeter L\u00e4ll | Peeter Saldre | Pille-Riin Vallner | Piret Eesmaa | Piret Kanne | Piret Raudsepp | Priit Annus | Priit J\u00f5esaar | Priit V\u00e4rk | Polina Polyakoff | Ragne-Liis M\u00f5ttus | Raido Laas |  Raiko Tombak | Raimo Matvere | Rainer Eidemiller | Rait Pihelgas | Randel L\u00e4nts | Ralf Erusk |         Rauno Arunurm | Rasmus Eelmaa | Reet Taniel | Regina Melder | Reima N\u00f5mmik | Reimo Loorents | Renee Vellama | Riin Luks | Riina Ani | Riina Hiob | Riina Soobik | Rita Laanetu | Robert PetrovRoland  | Roman Puiestik | Ronaldo Ollo | Ruti Einpalu | Saara Mildeberg |      Sandra Arum\u00e4e | Sandra J\u00e4nes | Sandra Sander | Sandra Sillaots | Sandra Kartau | Selene Gnadenteich | Senni Verchestein | Signe Kotkas | Sigrid Barnabas | Sigrid Sepp | Sigrid Sitnikov | Sigrid Solnik | Sigrit Alunurm | Siim Oja | Siim Vene | Siiri Vene | Silver Hansen | Silver Sillak | Siret Pihelgas | Sirje Grauberg | Sorge Margus Tiitsmaa | Sten Andreas Ehrlich | Stuart Garlick | Sulev Lange | Sulev Liiva  | Susanna P\u00e4iv | Susanna Veevo | Sven Aluste | Sven Soomuste | Svetlana Stsur | Taavi Visnap | Tali Kletter | Tanel Miil | Tauno Fuchs | Tauno T\u00f5hk |       Teele Seire | Teibi Torm | Tiia Tamm | Tiina Kivila | Tiina M\u00e4lk | Timmu Markus Malmre | Tiit Kanne| Tiit Reinberg | Tiiu Saarist | Toomas Roolaid | Triin Adamson | Triin K\u00f5rvek | Triin Loik | Triin Pobbol | Triin Siiber | Triin Tiits | Trino Arras | Urmas Glase | Urmet Pudakevits | Urmo Enn | Urmo K\u00fcbar | Vadim Ivanov | Valev V\u00e4ljaots | Victoria Usai | Virve Kass | Vladislav Lu\u0161in | \u00dclle Laas | \u00dclle Leesmaa | \u00dclle M\u00fcller | \u00dclli M\u00fcller | Yuliya Panasenko<\/p>\n\n\n<div class=\"lazyblock-media-with-content-ZYJqcI wp-block-lazyblock-media-with-content\">\n<section class=\"media-w-content media-w-content--in-content\">\n            <div class=\"media-w-content__media\">\n            <img decoding=\"async\" src=\"https:\/\/2023.arvamusfestival.ee\/wp-content\/uploads\/2022\/01\/51374363132_5a026fed33_o-scaled.jpg\" alt=\"\">\n        <\/div>\n        <div class=\"media-w-content__content\">\n        <div class=\"media-w-content__vcenter\">\n                            <h4>Volunteers<\/h4>\n                                        <h2>Life-changing experience<\/h2>\n                                        <div><p>The Opinion Festival is made possible thanks to the contribution of its volunteers. Looking at the picture gallery of the Opinion Festival hundreds of people can say with pride and satisfaction: &#8220;I organized Opinion Festival together with these people!&#8221;<\/p><\/div>\n            \n                            <a href=\"https:\/\/2023.arvamusfestival.ee\/vabatahtlikuna-arvamusfestivalil\/\" class=\"btn\">APPLY HERE<\/a>\n                    <\/div>\n    <\/div>\n<\/section><\/div>\n\n\n<p><\/p>\n","protected":false},"excerpt":{"rendered":"<p>Volunteers throughout 10 years Ade-Briana Nurk | Aet Kiisla | Agne Kivisaar | Agnes Sugurova | Ago Gashkov | Aili Agarmaa | Aili Sagor | Airi Jakobson-M\u00e4nnik | Aive \u00c4\u00e4rma| Alari Rammo | Alena Hollo [&hellip;]<\/p>\n","protected":false},"author":1,"featured_media":0,"parent":0,"menu_order":0,"comment_status":"closed","ping_status":"closed","template":"template-color-3.php","meta":{"footnotes":""},"_links":{"self":[{"href":"https:\/\/2023.arvamusfestival.ee\/en\/wp-json\/wp\/v2\/pages\/873"}],"collection":[{"href":"https:\/\/2023.arvamusfestival.ee\/en\/wp-json\/wp\/v2\/pages"}],"about":[{"href":"https:\/\/2023.arvamusfestival.ee\/en\/wp-json\/wp\/v2\/types\/page"}],"author":[{"embeddable":true,"href":"https:\/\/2023.arvamusfestival.ee\/en\/wp-json\/wp\/v2\/users\/1"}],"replies":[{"embeddable":true,"href":"https:\/\/2023.arvamusfestival.ee\/en\/wp-json\/wp\/v2\/comments?post=873"}],"version-history":[{"count":23,"href":"https:\/\/2023.arvamusfestival.ee\/en\/wp-json\/wp\/v2\/pages\/873\/revisions"}],"predecessor-version":[{"id":3414,"href":"https:\/\/2023.arvamusfestival.ee\/en\/wp-json\/wp\/v2\/pages\/873\/revisions\/3414"}],"wp:attachment":[{"href":"https:\/\/2023.arvamusfestival.ee\/en\/wp-json\/wp\/v2\/media?parent=873"}],"curies":[{"name":"wp","href":"https:\/\/api.w.org\/{rel}","templated":true}]}}