{"id":893,"date":"2022-01-23T12:09:40","date_gmt":"2022-01-23T10:09:40","guid":{"rendered":"https:\/\/2023.arvamusfestival.ee\/?page_id=893"},"modified":"2022-03-01T12:11:51","modified_gmt":"2022-03-01T10:11:51","slug":"anneta-festivalile","status":"publish","type":"page","link":"https:\/\/2023.arvamusfestival.ee\/en\/anneta-festivalile\/","title":{"rendered":"Anneta festivalile"},"content":{"rendered":"<div class=\"lazyblock-bold-header-1J9ght wp-block-lazyblock-bold-header\">\n<section class=\"strong-intro\">\n            <div><p>Hea Arvamusfestivali s\u00f5ber!<br \/><br \/>Sul on v\u00f5imalus aidata arendada Eesti arvamuskultuuri, toetades festivali korraldamist \u00fchekordse v\u00f5i v\u00f5imalusel ka p\u00fcsiannetusega. <br \/><br \/>Annetused on tulumaksuvabad, j\u00e4rgime annetuste kogumise head tava.<\/p><\/div>\n    <\/section>\n<\/div>\n\n\r\n\t<form action=\"https:\/\/2023.arvamusfestival.ee\/wp-content\/plugins\/montonio-donations\/submit.php\" method=\"post\" autocomplete=\"off\">\r\n        <p><input type=\"button\" value=\"10\u20ac\" class=\"btn btn-preset\" data-value=\"10\"> <input type=\"button\" value=\"25\u20ac\" class=\"btn btn-preset\" data-value=\"25\"> <input type=\"button\" value=\"50\u20ac\" class=\"btn btn-preset\" data-value=\"50\"> <input type=\"button\" value=\"100\u20ac\" class=\"btn btn-preset\" data-value=\"100\"> <\/p>\r\n        <div class=\"display-flex\">\r\n            Soovin annetada &nbsp;<input type=\"number\" id=\"donation-amount\" name=\"donation-amount\" class=\"donation-amount donation-fields\"> \u20ac\r\n        <\/div>\r\n        <div>\r\n            <div>\r\n                <input type=\"text\" name=\"nimi\" placeholder=\"Ees- ja perekonnanimi\" class=\"donation-fields donation-info\">\r\n            <\/div>\r\n            <div>\r\n                <input type=\"number\" name=\"isikukood\" placeholder=\"Isikukood\" maxlength=\"11\" class=\"donation-fields donation-info\">\r\n            <\/div>\r\n            <div>\r\n                <input type=\"email\" name=\"email\" placeholder=\"E-mail\" class=\"donation-fields donation-info\">\r\n            <\/div>\r\n                \r\n            <input type=\"submit\" name=\"donate\" class=\"btn btn--color-8\" id=\"donate-button\" value=\"Anneta!\" style=\"margin-left: 10px;\">\r\n        <\/div>\r\n    <\/form>\r\n\r\n    <script type=\"text\/javascript\">\r\n        jQuery(document).ready(function( $ ) {\r\n            $(\"#donate-button\").prop(\"disabled\", \"disabled\");\r\n\r\n            $(\"#donation-amount\").bind(\"change keyup\", function() {\r\n                if ($(this).val() != \"\" && $(this).val() > 0) {\r\n                    $(\"#donate-button\").prop(\"disabled\", false);\r\n                    $(\"#donation-amount\").css(\"border-color\", \"#333333\");\r\n                } else {\r\n                    $(\"#donate-button\").prop(\"disabled\", \"disabled\");\r\n                    $(\"#donation-amount\").css(\"border-color\", \"red\");\r\n                }\r\n            });\r\n\r\n            $(\".btn-preset\").each(function () {\r\n                var $this = $(this);\r\n                $this.on(\"click\", function () {\r\n                    var amount = $this.data(\"value\");\r\n                    $(\"#donation-amount\").val(amount);\r\n\r\n                    $(\"#donate-button\").prop(\"disabled\", false);\r\n                    $(\"#donation-amount\").css(\"border-color\", \"#333333\");\r\n                });\r\n            });\r\n            \r\n\r\n        });\r\n    <\/script>\r\n    \n\n\n\n<div style=\"height:26px\" aria-hidden=\"true\" class=\"wp-block-spacer\"><\/div>\n\n\n\n<p>Samuti v\u00f5id annetada otse meie pangakontole v\u00f5i teha \u00fclekande <a href=\"https:\/\/www.paypal.com\/cgi-bin\/webscr?cmd=_s-xclick&amp;hosted_button_id=YPKFC6TR77MFS\" target=\"_blank\" rel=\"noreferrer noopener\">Paypalis<\/a><\/p>\n\n\n\n<p>MT\u00dc Arvamusfestival (reg. nr 80400434) EE137700771002377691<\/p>\n\n\n\n<p>Arvamuskultuur t\u00e4nab Sind!<br><\/p>\n\n\n\n<figure class=\"wp-block-image size-large\"><img decoding=\"async\" src=\"http:\/\/localhost:8000\/wp-content\/uploads\/2022\/01\/donate-1024x578.jpg\" alt=\"\" class=\"wp-image-253\"\/><\/figure>\n","protected":false},"excerpt":{"rendered":"<p>Samuti v\u00f5id annetada otse meie pangakontole v\u00f5i teha \u00fclekande Paypalis MT\u00dc Arvamusfestival (reg. nr 80400434) EE137700771002377691 Arvamuskultuur t\u00e4nab Sind!<\/p>\n","protected":false},"author":1,"featured_media":0,"parent":0,"menu_order":0,"comment_status":"closed","ping_status":"closed","template":"template-color-6.php","meta":{"footnotes":""},"_links":{"self":[{"href":"https:\/\/2023.arvamusfestival.ee\/en\/wp-json\/wp\/v2\/pages\/893"}],"collection":[{"href":"https:\/\/2023.arvamusfestival.ee\/en\/wp-json\/wp\/v2\/pages"}],"about":[{"href":"https:\/\/2023.arvamusfestival.ee\/en\/wp-json\/wp\/v2\/types\/page"}],"author":[{"embeddable":true,"href":"https:\/\/2023.arvamusfestival.ee\/en\/wp-json\/wp\/v2\/users\/1"}],"replies":[{"embeddable":true,"href":"https:\/\/2023.arvamusfestival.ee\/en\/wp-json\/wp\/v2\/comments?post=893"}],"version-history":[{"count":1,"href":"https:\/\/2023.arvamusfestival.ee\/en\/wp-json\/wp\/v2\/pages\/893\/revisions"}],"predecessor-version":[{"id":894,"href":"https:\/\/2023.arvamusfestival.ee\/en\/wp-json\/wp\/v2\/pages\/893\/revisions\/894"}],"wp:attachment":[{"href":"https:\/\/2023.arvamusfestival.ee\/en\/wp-json\/wp\/v2\/media?parent=893"}],"curies":[{"name":"wp","href":"https:\/\/api.w.org\/{rel}","templated":true}]}}